{"id":20,"date":"2013-01-21T16:26:28","date_gmt":"2013-01-21T15:26:28","guid":{"rendered":"http:\/\/best-skiresorts.com\/fr\/?page_id=20"},"modified":"2023-09-27T10:56:02","modified_gmt":"2023-09-27T08:56:02","slug":"station-de-ski-trouver","status":"publish","type":"page","link":"https:\/\/best-skiresorts.com\/fr\/station-de-ski-trouver\/","title":{"rendered":"Ski Resort Finder"},"content":{"rendered":"\n<h1 class=\"wp-block-heading\">Trouvez votre station de ski parfaite !<\/h1>\n\n\n\n<p>Chaque station est unique. Vous \u00eates unique. Trouvez la station de ski id\u00e9al pour vous avec le Ski Resort Finder. Veuillez nous excuser, ce dernier n&rsquo;est pas encore en fran\u00e7ais.<\/p>\n\n\n\n<p><em><strong>Note :<\/strong> La derni\u00e8re version avec les donn\u00e9es actuelles pour 2023 sera disponible \u00e0 partir de novembre!<\/em><br>Vous pouvez d\u00e9j\u00e0 lire un article sur le <a href=\"https:\/\/best-skiresorts.com\/fr\/blog\/best-ski-resort-awards-2023\/\">top 10 actuel des stations de ski en 2023 ici<\/a>.<\/p>\n\n\n\n<iframe src=\"https:\/\/best-skiresorts.com\/resortfinder-2020\/index.html\" name=\"resortfinder\" marginwidth=\"0px\" marginheight=\"0px\" scrolling=\"auto\" width=\"100%\" height=\"1145px\"><\/iframe>\n","protected":false},"excerpt":{"rendered":"<p>Trouvez votre station de ski parfaite ! Chaque station est unique. Vous \u00eates unique. Trouvez la station de ski id\u00e9al pour vous avec le Ski Resort Finder. Veuillez nous excuser, ce dernier n&rsquo;est pas encore en fran\u00e7ais. Note : La derni\u00e8re version avec les donn\u00e9es actuelles pour 2023 sera disponible \u00e0 partir de novembre!Vous pouvez [&hellip;]<\/p>\n","protected":false},"author":1,"featured_media":0,"parent":0,"menu_order":0,"comment_status":"closed","ping_status":"closed","template":"","meta":{"_acf_changed":false,"site-sidebar-layout":"no-sidebar","site-content-layout":"default","ast-site-content-layout":"default","site-content-style":"default","site-sidebar-style":"default","ast-global-header-display":"","ast-banner-title-visibility":"","ast-main-header-display":"","ast-hfb-above-header-display":"","ast-hfb-below-header-display":"","ast-hfb-mobile-header-display":"","site-post-title":"","ast-breadcrumbs-content":"","ast-featured-img":"disabled","footer-sml-layout":"","ast-disable-related-posts":"","theme-transparent-header-meta":"default","adv-header-id-meta":"","stick-header-meta":"","header-above-stick-meta":"","header-main-stick-meta":"","header-below-stick-meta":"","astra-migrate-meta-layouts":"set","ast-page-background-enabled":"default","ast-page-background-meta":{"desktop":{"background-color":"","background-image":"","background-repeat":"repeat","background-position":"center center","background-size":"auto","background-attachment":"scroll","background-type":"","background-media":"","overlay-type":"","overlay-color":"","overlay-opacity":"","overlay-gradient":""},"tablet":{"background-color":"","background-image":"","background-repeat":"repeat","background-position":"center center","background-size":"auto","background-attachment":"scroll","background-type":"","background-media":"","overlay-type":"","overlay-color":"","overlay-opacity":"","overlay-gradient":""},"mobile":{"background-color":"","background-image":"","background-repeat":"repeat","background-position":"center center","background-size":"auto","background-attachment":"scroll","background-type":"","background-media":"","overlay-type":"","overlay-color":"","overlay-opacity":"","overlay-gradient":""}},"ast-content-background-meta":{"desktop":{"background-color":"var(--ast-global-color-5)","background-image":"","background-repeat":"repeat","background-position":"center center","background-size":"auto","background-attachment":"scroll","background-type":"","background-media":"","overlay-type":"","overlay-color":"","overlay-opacity":"","overlay-gradient":""},"tablet":{"background-color":"var(--ast-global-color-5)","background-image":"","background-repeat":"repeat","background-position":"center center","background-size":"auto","background-attachment":"scroll","background-type":"","background-media":"","overlay-type":"","overlay-color":"","overlay-opacity":"","overlay-gradient":""},"mobile":{"background-color":"var(--ast-global-color-5)","background-image":"","background-repeat":"repeat","background-position":"center center","background-size":"auto","background-attachment":"scroll","background-type":"","background-media":"","overlay-type":"","overlay-color":"","overlay-opacity":"","overlay-gradient":""}},"footnotes":""},"class_list":["post-20","page","type-page","status-publish","hentry"],"yoast_head":"<!-- This site is optimized with the Yoast SEO plugin v27.5 - https:\/\/yoast.com\/product\/yoast-seo-wordpress\/ -->\n<title>Ski Resort Finder - Best Ski Resorts FR<\/title>\n<meta name=\"robots\" content=\"index, follow, max-snippet:-1, max-image-preview:large, max-video-preview:-1\" \/>\n<link rel=\"canonical\" href=\"https:\/\/best-skiresorts.com\/fr\/station-de-ski-trouver\/\" \/>\n<meta name=\"twitter:label1\" content=\"Dur\u00e9e de lecture estim\u00e9e\" \/>\n\t<meta name=\"twitter:data1\" content=\"1 minute\" \/>\n<script type=\"application\/ld+json\" class=\"yoast-schema-graph\">{\"@context\":\"https:\\\/\\\/schema.org\",\"@graph\":[{\"@type\":\"WebPage\",\"@id\":\"https:\\\/\\\/best-skiresorts.com\\\/fr\\\/station-de-ski-trouver\\\/\",\"url\":\"https:\\\/\\\/best-skiresorts.com\\\/fr\\\/station-de-ski-trouver\\\/\",\"name\":\"Ski Resort Finder - Best Ski Resorts FR\",\"isPartOf\":{\"@id\":\"https:\\\/\\\/best-skiresorts.com\\\/fr\\\/#website\"},\"datePublished\":\"2013-01-21T15:26:28+00:00\",\"dateModified\":\"2023-09-27T08:56:02+00:00\",\"inLanguage\":\"fr-FR\",\"potentialAction\":[{\"@type\":\"ReadAction\",\"target\":[\"https:\\\/\\\/best-skiresorts.com\\\/fr\\\/station-de-ski-trouver\\\/\"]}]},{\"@type\":\"WebSite\",\"@id\":\"https:\\\/\\\/best-skiresorts.com\\\/fr\\\/#website\",\"url\":\"https:\\\/\\\/best-skiresorts.com\\\/fr\\\/\",\"name\":\"Best Ski Resorts FR\",\"description\":\"Meilleurs domaines skiables dans les Alpes\",\"publisher\":{\"@id\":\"https:\\\/\\\/best-skiresorts.com\\\/fr\\\/#organization\"},\"potentialAction\":[{\"@type\":\"SearchAction\",\"target\":{\"@type\":\"EntryPoint\",\"urlTemplate\":\"https:\\\/\\\/best-skiresorts.com\\\/fr\\\/?s={search_term_string}\"},\"query-input\":{\"@type\":\"PropertyValueSpecification\",\"valueRequired\":true,\"valueName\":\"search_term_string\"}}],\"inLanguage\":\"fr-FR\"},{\"@type\":\"Organization\",\"@id\":\"https:\\\/\\\/best-skiresorts.com\\\/fr\\\/#organization\",\"name\":\"Best Ski Resorts FR\",\"url\":\"https:\\\/\\\/best-skiresorts.com\\\/fr\\\/\",\"logo\":{\"@type\":\"ImageObject\",\"inLanguage\":\"fr-FR\",\"@id\":\"https:\\\/\\\/best-skiresorts.com\\\/fr\\\/#\\\/schema\\\/logo\\\/image\\\/\",\"url\":\"https:\\\/\\\/best-skiresorts.com\\\/fr\\\/files\\\/2018\\\/11\\\/Logo-Best-Ski-Resort-147x60.jpg\",\"contentUrl\":\"https:\\\/\\\/best-skiresorts.com\\\/fr\\\/files\\\/2018\\\/11\\\/Logo-Best-Ski-Resort-147x60.jpg\",\"width\":147,\"height\":60,\"caption\":\"Best Ski Resorts FR\"},\"image\":{\"@id\":\"https:\\\/\\\/best-skiresorts.com\\\/fr\\\/#\\\/schema\\\/logo\\\/image\\\/\"}}]}<\/script>\n<!-- \/ Yoast SEO plugin. -->","yoast_head_json":{"title":"Ski Resort Finder - Best Ski Resorts FR","robots":{"index":"index","follow":"follow","max-snippet":"max-snippet:-1","max-image-preview":"max-image-preview:large","max-video-preview":"max-video-preview:-1"},"canonical":"https:\/\/best-skiresorts.com\/fr\/station-de-ski-trouver\/","twitter_misc":{"Dur\u00e9e de lecture estim\u00e9e":"1 minute"},"schema":{"@context":"https:\/\/schema.org","@graph":[{"@type":"WebPage","@id":"https:\/\/best-skiresorts.com\/fr\/station-de-ski-trouver\/","url":"https:\/\/best-skiresorts.com\/fr\/station-de-ski-trouver\/","name":"Ski Resort Finder - Best Ski Resorts FR","isPartOf":{"@id":"https:\/\/best-skiresorts.com\/fr\/#website"},"datePublished":"2013-01-21T15:26:28+00:00","dateModified":"2023-09-27T08:56:02+00:00","inLanguage":"fr-FR","potentialAction":[{"@type":"ReadAction","target":["https:\/\/best-skiresorts.com\/fr\/station-de-ski-trouver\/"]}]},{"@type":"WebSite","@id":"https:\/\/best-skiresorts.com\/fr\/#website","url":"https:\/\/best-skiresorts.com\/fr\/","name":"Best Ski Resorts FR","description":"Meilleurs domaines skiables dans les Alpes","publisher":{"@id":"https:\/\/best-skiresorts.com\/fr\/#organization"},"potentialAction":[{"@type":"SearchAction","target":{"@type":"EntryPoint","urlTemplate":"https:\/\/best-skiresorts.com\/fr\/?s={search_term_string}"},"query-input":{"@type":"PropertyValueSpecification","valueRequired":true,"valueName":"search_term_string"}}],"inLanguage":"fr-FR"},{"@type":"Organization","@id":"https:\/\/best-skiresorts.com\/fr\/#organization","name":"Best Ski Resorts FR","url":"https:\/\/best-skiresorts.com\/fr\/","logo":{"@type":"ImageObject","inLanguage":"fr-FR","@id":"https:\/\/best-skiresorts.com\/fr\/#\/schema\/logo\/image\/","url":"https:\/\/best-skiresorts.com\/fr\/files\/2018\/11\/Logo-Best-Ski-Resort-147x60.jpg","contentUrl":"https:\/\/best-skiresorts.com\/fr\/files\/2018\/11\/Logo-Best-Ski-Resort-147x60.jpg","width":147,"height":60,"caption":"Best Ski Resorts FR"},"image":{"@id":"https:\/\/best-skiresorts.com\/fr\/#\/schema\/logo\/image\/"}}]}},"acf":[],"_links":{"self":[{"href":"https:\/\/best-skiresorts.com\/fr\/wp-json\/wp\/v2\/pages\/20","targetHints":{"allow":["GET"]}}],"collection":[{"href":"https:\/\/best-skiresorts.com\/fr\/wp-json\/wp\/v2\/pages"}],"about":[{"href":"https:\/\/best-skiresorts.com\/fr\/wp-json\/wp\/v2\/types\/page"}],"author":[{"embeddable":true,"href":"https:\/\/best-skiresorts.com\/fr\/wp-json\/wp\/v2\/users\/1"}],"replies":[{"embeddable":true,"href":"https:\/\/best-skiresorts.com\/fr\/wp-json\/wp\/v2\/comments?post=20"}],"version-history":[{"count":8,"href":"https:\/\/best-skiresorts.com\/fr\/wp-json\/wp\/v2\/pages\/20\/revisions"}],"predecessor-version":[{"id":557,"href":"https:\/\/best-skiresorts.com\/fr\/wp-json\/wp\/v2\/pages\/20\/revisions\/557"}],"wp:attachment":[{"href":"https:\/\/best-skiresorts.com\/fr\/wp-json\/wp\/v2\/media?parent=20"}],"curies":[{"name":"wp","href":"https:\/\/api.w.org\/{rel}","templated":true}]}}