{"id":26,"date":"2013-01-21T17:06:02","date_gmt":"2013-01-21T16:06:02","guid":{"rendered":"http:\/\/best-skiresorts.com\/fr\/?page_id=26"},"modified":"2018-11-03T21:57:57","modified_gmt":"2018-11-03T20:57:57","slug":"contact","status":"publish","type":"page","link":"https:\/\/best-skiresorts.com\/fr\/contact\/","title":{"rendered":"Contacts"},"content":{"rendered":"<p>Si vous avez une question ou si vous avez besoin de plus amples informations sur l&rsquo;\u00e9tude ou nos offres, nous sommes l\u00e0 pour vous&#8230;<\/p>\n<p><a href=\"https:\/\/best-skiresorts.com\/fr\/files\/2018\/10\/IMG_20180927_160802.jpg\"><img fetchpriority=\"high\" decoding=\"async\" class=\"alignnone size-medium wp-image-386\" src=\"https:\/\/best-skiresorts.com\/fr\/files\/2018\/10\/IMG_20180927_160802-263x300.jpg\" alt=\"\" width=\"263\" height=\"300\" srcset=\"https:\/\/best-skiresorts.com\/fr\/files\/2018\/10\/IMG_20180927_160802-263x300.jpg 263w, https:\/\/best-skiresorts.com\/fr\/files\/2018\/10\/IMG_20180927_160802-768x876.jpg 768w, https:\/\/best-skiresorts.com\/fr\/files\/2018\/10\/IMG_20180927_160802-618x705.jpg 618w, https:\/\/best-skiresorts.com\/fr\/files\/2018\/10\/IMG_20180927_160802-450x513.jpg 450w, https:\/\/best-skiresorts.com\/fr\/files\/2018\/10\/IMG_20180927_160802.jpg 852w\" sizes=\"(max-width: 263px) 100vw, 263px\" \/><\/a><\/p>\n<p>Mlle Kaline Osaki<br \/>\nConsultante &amp; Marketing Manager<br \/>\nMountain Management France<\/p>\n<p><strong>T\u00e9l\u00e9phone:<\/strong><br \/>\n+33 (0) 6 12 56 12 69<\/p>\n<p><strong>Email:<\/strong><br \/>\nkaline@mountain-management.com<\/p>\n","protected":false},"excerpt":{"rendered":"<p>Si vous avez une question ou si vous avez besoin de plus amples informations sur l&rsquo;\u00e9tude ou nos offres, nous sommes l\u00e0 pour vous&#8230; Mlle Kaline Osaki Consultante &amp; Marketing Manager Mountain Management France T\u00e9l\u00e9phone: +33 (0) 6 12 56 12 69 Email: kaline@mountain-management.com<\/p>\n","protected":false},"author":1,"featured_media":0,"parent":0,"menu_order":0,"comment_status":"closed","ping_status":"closed","template":"","meta":{"_acf_changed":false,"site-sidebar-layout":"right-sidebar","site-content-layout":"default","ast-site-content-layout":"default","site-content-style":"default","site-sidebar-style":"default","ast-global-header-display":"","ast-banner-title-visibility":"","ast-main-header-display":"","ast-hfb-above-header-display":"","ast-hfb-below-header-display":"","ast-hfb-mobile-header-display":"","site-post-title":"","ast-breadcrumbs-content":"","ast-featured-img":"","footer-sml-layout":"","ast-disable-related-posts":"","theme-transparent-header-meta":"","adv-header-id-meta":"","stick-header-meta":"","header-above-stick-meta":"","header-main-stick-meta":"","header-below-stick-meta":"","astra-migrate-meta-layouts":"default","ast-page-background-enabled":"default","ast-page-background-meta":{"desktop":{"background-color":"","background-image":"","background-repeat":"repeat","background-position":"center center","background-size":"auto","background-attachment":"scroll","background-type":"","background-media":"","overlay-type":"","overlay-color":"","overlay-opacity":"","overlay-gradient":""},"tablet":{"background-color":"","background-image":"","background-repeat":"repeat","background-position":"center center","background-size":"auto","background-attachment":"scroll","background-type":"","background-media":"","overlay-type":"","overlay-color":"","overlay-opacity":"","overlay-gradient":""},"mobile":{"background-color":"","background-image":"","background-repeat":"repeat","background-position":"center center","background-size":"auto","background-attachment":"scroll","background-type":"","background-media":"","overlay-type":"","overlay-color":"","overlay-opacity":"","overlay-gradient":""}},"ast-content-background-meta":{"desktop":{"background-color":"var(--ast-global-color-5)","background-image":"","background-repeat":"repeat","background-position":"center center","background-size":"auto","background-attachment":"scroll","background-type":"","background-media":"","overlay-type":"","overlay-color":"","overlay-opacity":"","overlay-gradient":""},"tablet":{"background-color":"var(--ast-global-color-5)","background-image":"","background-repeat":"repeat","background-position":"center center","background-size":"auto","background-attachment":"scroll","background-type":"","background-media":"","overlay-type":"","overlay-color":"","overlay-opacity":"","overlay-gradient":""},"mobile":{"background-color":"var(--ast-global-color-5)","background-image":"","background-repeat":"repeat","background-position":"center center","background-size":"auto","background-attachment":"scroll","background-type":"","background-media":"","overlay-type":"","overlay-color":"","overlay-opacity":"","overlay-gradient":""}},"footnotes":""},"class_list":["post-26","page","type-page","status-publish","hentry"],"yoast_head":"<!-- This site is optimized with the Yoast SEO plugin v27.5 - https:\/\/yoast.com\/product\/yoast-seo-wordpress\/ -->\n<title>Contacts - Best Ski Resorts<\/title>\n<meta name=\"description\" content=\"Si vous d\u00e9sirez plus d&#039;informations, contactez-nous via cette page.\" \/>\n<meta name=\"robots\" content=\"index, follow, max-snippet:-1, max-image-preview:large, max-video-preview:-1\" \/>\n<link rel=\"canonical\" href=\"https:\/\/best-skiresorts.com\/fr\/contact\/\" \/>\n<script type=\"application\/ld+json\" class=\"yoast-schema-graph\">{\"@context\":\"https:\\\/\\\/schema.org\",\"@graph\":[{\"@type\":\"WebPage\",\"@id\":\"https:\\\/\\\/best-skiresorts.com\\\/fr\\\/contact\\\/\",\"url\":\"https:\\\/\\\/best-skiresorts.com\\\/fr\\\/contact\\\/\",\"name\":\"Contacts - Best Ski Resorts\",\"isPartOf\":{\"@id\":\"https:\\\/\\\/best-skiresorts.com\\\/fr\\\/#website\"},\"primaryImageOfPage\":{\"@id\":\"https:\\\/\\\/best-skiresorts.com\\\/fr\\\/contact\\\/#primaryimage\"},\"image\":{\"@id\":\"https:\\\/\\\/best-skiresorts.com\\\/fr\\\/contact\\\/#primaryimage\"},\"thumbnailUrl\":\"https:\\\/\\\/best-skiresorts.com\\\/fr\\\/files\\\/2018\\\/10\\\/IMG_20180927_160802-263x300.jpg\",\"datePublished\":\"2013-01-21T16:06:02+00:00\",\"dateModified\":\"2018-11-03T20:57:57+00:00\",\"description\":\"Si vous d\u00e9sirez plus d'informations, contactez-nous via cette page.\",\"inLanguage\":\"fr-FR\",\"potentialAction\":[{\"@type\":\"ReadAction\",\"target\":[\"https:\\\/\\\/best-skiresorts.com\\\/fr\\\/contact\\\/\"]}]},{\"@type\":\"ImageObject\",\"inLanguage\":\"fr-FR\",\"@id\":\"https:\\\/\\\/best-skiresorts.com\\\/fr\\\/contact\\\/#primaryimage\",\"url\":\"https:\\\/\\\/best-skiresorts.com\\\/fr\\\/files\\\/2018\\\/10\\\/IMG_20180927_160802.jpg\",\"contentUrl\":\"https:\\\/\\\/best-skiresorts.com\\\/fr\\\/files\\\/2018\\\/10\\\/IMG_20180927_160802.jpg\",\"width\":852,\"height\":972},{\"@type\":\"WebSite\",\"@id\":\"https:\\\/\\\/best-skiresorts.com\\\/fr\\\/#website\",\"url\":\"https:\\\/\\\/best-skiresorts.com\\\/fr\\\/\",\"name\":\"Best Ski Resorts FR\",\"description\":\"Meilleurs domaines skiables dans les Alpes\",\"publisher\":{\"@id\":\"https:\\\/\\\/best-skiresorts.com\\\/fr\\\/#organization\"},\"potentialAction\":[{\"@type\":\"SearchAction\",\"target\":{\"@type\":\"EntryPoint\",\"urlTemplate\":\"https:\\\/\\\/best-skiresorts.com\\\/fr\\\/?s={search_term_string}\"},\"query-input\":{\"@type\":\"PropertyValueSpecification\",\"valueRequired\":true,\"valueName\":\"search_term_string\"}}],\"inLanguage\":\"fr-FR\"},{\"@type\":\"Organization\",\"@id\":\"https:\\\/\\\/best-skiresorts.com\\\/fr\\\/#organization\",\"name\":\"Best Ski Resorts FR\",\"url\":\"https:\\\/\\\/best-skiresorts.com\\\/fr\\\/\",\"logo\":{\"@type\":\"ImageObject\",\"inLanguage\":\"fr-FR\",\"@id\":\"https:\\\/\\\/best-skiresorts.com\\\/fr\\\/#\\\/schema\\\/logo\\\/image\\\/\",\"url\":\"https:\\\/\\\/best-skiresorts.com\\\/fr\\\/files\\\/2018\\\/11\\\/Logo-Best-Ski-Resort-147x60.jpg\",\"contentUrl\":\"https:\\\/\\\/best-skiresorts.com\\\/fr\\\/files\\\/2018\\\/11\\\/Logo-Best-Ski-Resort-147x60.jpg\",\"width\":147,\"height\":60,\"caption\":\"Best Ski Resorts FR\"},\"image\":{\"@id\":\"https:\\\/\\\/best-skiresorts.com\\\/fr\\\/#\\\/schema\\\/logo\\\/image\\\/\"}}]}<\/script>\n<!-- \/ Yoast SEO plugin. -->","yoast_head_json":{"title":"Contacts - Best Ski Resorts","description":"Si vous d\u00e9sirez plus d'informations, contactez-nous via cette page.","robots":{"index":"index","follow":"follow","max-snippet":"max-snippet:-1","max-image-preview":"max-image-preview:large","max-video-preview":"max-video-preview:-1"},"canonical":"https:\/\/best-skiresorts.com\/fr\/contact\/","schema":{"@context":"https:\/\/schema.org","@graph":[{"@type":"WebPage","@id":"https:\/\/best-skiresorts.com\/fr\/contact\/","url":"https:\/\/best-skiresorts.com\/fr\/contact\/","name":"Contacts - Best Ski Resorts","isPartOf":{"@id":"https:\/\/best-skiresorts.com\/fr\/#website"},"primaryImageOfPage":{"@id":"https:\/\/best-skiresorts.com\/fr\/contact\/#primaryimage"},"image":{"@id":"https:\/\/best-skiresorts.com\/fr\/contact\/#primaryimage"},"thumbnailUrl":"https:\/\/best-skiresorts.com\/fr\/files\/2018\/10\/IMG_20180927_160802-263x300.jpg","datePublished":"2013-01-21T16:06:02+00:00","dateModified":"2018-11-03T20:57:57+00:00","description":"Si vous d\u00e9sirez plus d'informations, contactez-nous via cette page.","inLanguage":"fr-FR","potentialAction":[{"@type":"ReadAction","target":["https:\/\/best-skiresorts.com\/fr\/contact\/"]}]},{"@type":"ImageObject","inLanguage":"fr-FR","@id":"https:\/\/best-skiresorts.com\/fr\/contact\/#primaryimage","url":"https:\/\/best-skiresorts.com\/fr\/files\/2018\/10\/IMG_20180927_160802.jpg","contentUrl":"https:\/\/best-skiresorts.com\/fr\/files\/2018\/10\/IMG_20180927_160802.jpg","width":852,"height":972},{"@type":"WebSite","@id":"https:\/\/best-skiresorts.com\/fr\/#website","url":"https:\/\/best-skiresorts.com\/fr\/","name":"Best Ski Resorts FR","description":"Meilleurs domaines skiables dans les Alpes","publisher":{"@id":"https:\/\/best-skiresorts.com\/fr\/#organization"},"potentialAction":[{"@type":"SearchAction","target":{"@type":"EntryPoint","urlTemplate":"https:\/\/best-skiresorts.com\/fr\/?s={search_term_string}"},"query-input":{"@type":"PropertyValueSpecification","valueRequired":true,"valueName":"search_term_string"}}],"inLanguage":"fr-FR"},{"@type":"Organization","@id":"https:\/\/best-skiresorts.com\/fr\/#organization","name":"Best Ski Resorts FR","url":"https:\/\/best-skiresorts.com\/fr\/","logo":{"@type":"ImageObject","inLanguage":"fr-FR","@id":"https:\/\/best-skiresorts.com\/fr\/#\/schema\/logo\/image\/","url":"https:\/\/best-skiresorts.com\/fr\/files\/2018\/11\/Logo-Best-Ski-Resort-147x60.jpg","contentUrl":"https:\/\/best-skiresorts.com\/fr\/files\/2018\/11\/Logo-Best-Ski-Resort-147x60.jpg","width":147,"height":60,"caption":"Best Ski Resorts FR"},"image":{"@id":"https:\/\/best-skiresorts.com\/fr\/#\/schema\/logo\/image\/"}}]}},"acf":[],"_links":{"self":[{"href":"https:\/\/best-skiresorts.com\/fr\/wp-json\/wp\/v2\/pages\/26","targetHints":{"allow":["GET"]}}],"collection":[{"href":"https:\/\/best-skiresorts.com\/fr\/wp-json\/wp\/v2\/pages"}],"about":[{"href":"https:\/\/best-skiresorts.com\/fr\/wp-json\/wp\/v2\/types\/page"}],"author":[{"embeddable":true,"href":"https:\/\/best-skiresorts.com\/fr\/wp-json\/wp\/v2\/users\/1"}],"replies":[{"embeddable":true,"href":"https:\/\/best-skiresorts.com\/fr\/wp-json\/wp\/v2\/comments?post=26"}],"version-history":[{"count":0,"href":"https:\/\/best-skiresorts.com\/fr\/wp-json\/wp\/v2\/pages\/26\/revisions"}],"wp:attachment":[{"href":"https:\/\/best-skiresorts.com\/fr\/wp-json\/wp\/v2\/media?parent=26"}],"curies":[{"name":"wp","href":"https:\/\/api.w.org\/{rel}","templated":true}]}}