{"id":390,"date":"2018-11-03T21:02:08","date_gmt":"2018-11-03T20:02:08","guid":{"rendered":"http:\/\/best-skiresorts.com\/fr\/?page_id=390"},"modified":"2026-03-24T15:04:25","modified_gmt":"2026-03-24T14:04:25","slug":"hompage1-fr","status":"publish","type":"page","link":"https:\/\/best-skiresorts.com\/fr\/","title":{"rendered":"Hompage1-FR"},"content":{"rendered":"\t\t<div data-elementor-type=\"wp-post\" data-elementor-id=\"390\" class=\"elementor elementor-390\">\n\t\t\t\t\t\t<section class=\"elementor-section elementor-top-section elementor-element elementor-element-7e029ec elementor-section-height-min-height elementor-section-stretched elementor-section-boxed elementor-section-height-default elementor-section-items-middle\" data-id=\"7e029ec\" data-element_type=\"section\" data-e-type=\"section\" data-settings=\"{&quot;background_background&quot;:&quot;classic&quot;,&quot;stretch_section&quot;:&quot;section-stretched&quot;}\">\n\t\t\t\t\t\t<div class=\"elementor-container elementor-column-gap-default\">\n\t\t\t\t\t<div class=\"elementor-column elementor-col-100 elementor-top-column elementor-element elementor-element-52ea601\" data-id=\"52ea601\" data-element_type=\"column\" data-e-type=\"column\">\n\t\t\t<div class=\"elementor-widget-wrap elementor-element-populated\">\n\t\t\t\t\t\t<div class=\"elementor-element elementor-element-d4083e9 elementor-widget elementor-widget-spacer\" data-id=\"d4083e9\" data-element_type=\"widget\" data-e-type=\"widget\" data-widget_type=\"spacer.default\">\n\t\t\t\t<div class=\"elementor-widget-container\">\n\t\t\t\t\t\t\t<div class=\"elementor-spacer\">\n\t\t\t<div class=\"elementor-spacer-inner\"><\/div>\n\t\t<\/div>\n\t\t\t\t\t\t<\/div>\n\t\t\t\t<\/div>\n\t\t\t\t<div class=\"elementor-element elementor-element-2979fde elementor-widget elementor-widget-heading\" data-id=\"2979fde\" data-element_type=\"widget\" data-e-type=\"widget\" data-widget_type=\"heading.default\">\n\t\t\t\t<div class=\"elementor-widget-container\">\n\t\t\t\t\t<h1 class=\"elementor-heading-title elementor-size-default\">Les stations \u00e9valu\u00e9es par leurs clients<\/h1>\t\t\t\t<\/div>\n\t\t\t\t<\/div>\n\t\t\t\t\t<\/div>\n\t\t<\/div>\n\t\t\t\t\t<\/div>\n\t\t<\/section>\n\t\t\t\t<section class=\"elementor-section elementor-top-section elementor-element elementor-element-733a5b2 elementor-section-boxed elementor-section-height-default elementor-section-height-default\" data-id=\"733a5b2\" data-element_type=\"section\" data-e-type=\"section\" data-settings=\"{&quot;background_background&quot;:&quot;classic&quot;}\">\n\t\t\t\t\t\t\t<div class=\"elementor-background-overlay\"><\/div>\n\t\t\t\t\t\t\t<div class=\"elementor-container elementor-column-gap-default\">\n\t\t\t\t\t<div class=\"elementor-column elementor-col-100 elementor-top-column elementor-element elementor-element-9a59dc3\" data-id=\"9a59dc3\" data-element_type=\"column\" data-e-type=\"column\">\n\t\t\t<div class=\"elementor-widget-wrap elementor-element-populated\">\n\t\t\t\t\t\t<div class=\"elementor-element elementor-element-a4bd4d4 elementor-widget elementor-widget-heading\" data-id=\"a4bd4d4\" data-element_type=\"widget\" data-e-type=\"widget\" data-widget_type=\"heading.default\">\n\t\t\t\t<div class=\"elementor-widget-container\">\n\t\t\t\t\t<h2 class=\"elementor-heading-title elementor-size-default\">Pr\u00e9sentation et remise des prix de l'\u00e9tude Best Ski Resort 2026<\/h2>\t\t\t\t<\/div>\n\t\t\t\t<\/div>\n\t\t\t\t<div class=\"elementor-element elementor-element-2e82da2 elementor-widget elementor-widget-text-editor\" data-id=\"2e82da2\" data-element_type=\"widget\" data-e-type=\"widget\" data-widget_type=\"text-editor.default\">\n\t\t\t\t<div class=\"elementor-widget-container\">\n\t\t\t\t\t\t\t\t\t<p>La pr\u00e9sentation et la remise des prix de cette ann\u00e9e auront lieu le 24 juin 2026 au MCI III (Villa Blanka) \u00e0 Innsbruck !<\/p>\t\t\t\t\t\t\t\t<\/div>\n\t\t\t\t<\/div>\n\t\t\t\t<div class=\"elementor-element elementor-element-a37f652 elementor-align-center elementor-widget elementor-widget-button\" data-id=\"a37f652\" data-element_type=\"widget\" data-e-type=\"widget\" data-widget_type=\"button.default\">\n\t\t\t\t<div class=\"elementor-widget-container\">\n\t\t\t\t\t\t\t\t\t<div class=\"elementor-button-wrapper\">\n\t\t\t\t\t<a class=\"elementor-button elementor-button-link elementor-size-sm\" href=\"https:\/\/best-skiresorts.com\/fr\/blog\/presentation-et-remise-des-prix-de-letude-best-ski-resort-2026\/\">\n\t\t\t\t\t\t<span class=\"elementor-button-content-wrapper\">\n\t\t\t\t\t\t\t\t\t<span class=\"elementor-button-text\">Apprenez-en plus ici !<\/span>\n\t\t\t\t\t<\/span>\n\t\t\t\t\t<\/a>\n\t\t\t\t<\/div>\n\t\t\t\t\t\t\t\t<\/div>\n\t\t\t\t<\/div>\n\t\t\t\t\t<\/div>\n\t\t<\/div>\n\t\t\t\t\t<\/div>\n\t\t<\/section>\n\t\t\t\t<section class=\"elementor-section elementor-top-section elementor-element elementor-element-a5182f1 elementor-section-boxed elementor-section-height-default elementor-section-height-default\" data-id=\"a5182f1\" data-element_type=\"section\" data-e-type=\"section\" data-settings=\"{&quot;background_background&quot;:&quot;classic&quot;}\">\n\t\t\t\t\t\t\t<div class=\"elementor-background-overlay\"><\/div>\n\t\t\t\t\t\t\t<div class=\"elementor-container elementor-column-gap-default\">\n\t\t\t\t\t<div class=\"elementor-column elementor-col-100 elementor-top-column elementor-element elementor-element-0752af5\" data-id=\"0752af5\" data-element_type=\"column\" data-e-type=\"column\">\n\t\t\t<div class=\"elementor-widget-wrap elementor-element-populated\">\n\t\t\t\t\t\t<div class=\"elementor-element elementor-element-f4a9b31 elementor-widget elementor-widget-heading\" data-id=\"f4a9b31\" data-element_type=\"widget\" data-e-type=\"widget\" data-widget_type=\"heading.default\">\n\t\t\t\t<div class=\"elementor-widget-container\">\n\t\t\t\t\t<h2 class=\"elementor-heading-title elementor-size-default\">Lancement de la nouvelle \u00e9tude \u00ab<span lang=\"EN-US\" style=\"font-size:11.0pt;line-height:107%;,sans-serif\">&nbsp;<\/span>Best Ski Resort 2026<span lang=\"EN-US\" style=\"font-size:11.0pt;line-height:107%;,sans-serif\">&nbsp;<\/span>\u00bb<\/h2>\t\t\t\t<\/div>\n\t\t\t\t<\/div>\n\t\t\t\t<div class=\"elementor-element elementor-element-1b7eaf5 elementor-widget elementor-widget-text-editor\" data-id=\"1b7eaf5\" data-element_type=\"widget\" data-e-type=\"widget\" data-widget_type=\"text-editor.default\">\n\t\t\t\t<div class=\"elementor-widget-container\">\n\t\t\t\t\t\t\t\t\t<p>Cet hiver d\u00e9butera la septi\u00e8me \u00e9dition de notre \u00e9tude renomm\u00e9e \u00ab Best Ski Resort \u00bb. Nous interrogerons \u00e0 nouveau 50 000 amateurs de sports d&rsquo;hiver directement sur les pistes afin de mesurer leur satisfaction dans les meilleures stations de ski de l&rsquo;espace alpin et de r\u00e9pondre aux questions d&rsquo;avenir les plus urgentes du secteur.<\/p>\t\t\t\t\t\t\t\t<\/div>\n\t\t\t\t<\/div>\n\t\t\t\t<div class=\"elementor-element elementor-element-397181b elementor-align-center elementor-widget elementor-widget-button\" data-id=\"397181b\" data-element_type=\"widget\" data-e-type=\"widget\" data-widget_type=\"button.default\">\n\t\t\t\t<div class=\"elementor-widget-container\">\n\t\t\t\t\t\t\t\t\t<div class=\"elementor-button-wrapper\">\n\t\t\t\t\t<a class=\"elementor-button elementor-button-link elementor-size-sm\" href=\"https:\/\/best-skiresorts.com\/fr\/blog\/perspective-sur-le-best-ski-resort-2026\/\">\n\t\t\t\t\t\t<span class=\"elementor-button-content-wrapper\">\n\t\t\t\t\t\t\t\t\t<span class=\"elementor-button-text\">Apprenez-en plus ici !<\/span>\n\t\t\t\t\t<\/span>\n\t\t\t\t\t<\/a>\n\t\t\t\t<\/div>\n\t\t\t\t\t\t\t\t<\/div>\n\t\t\t\t<\/div>\n\t\t\t\t\t<\/div>\n\t\t<\/div>\n\t\t\t\t\t<\/div>\n\t\t<\/section>\n\t\t\t\t<section class=\"elementor-section elementor-top-section elementor-element elementor-element-8442b5a elementor-section-boxed elementor-section-height-default elementor-section-height-default\" data-id=\"8442b5a\" data-element_type=\"section\" data-e-type=\"section\" data-settings=\"{&quot;background_background&quot;:&quot;classic&quot;}\">\n\t\t\t\t\t\t<div class=\"elementor-container elementor-column-gap-default\">\n\t\t\t\t\t<div class=\"elementor-column elementor-col-100 elementor-top-column elementor-element elementor-element-d804c0d\" data-id=\"d804c0d\" data-element_type=\"column\" data-e-type=\"column\">\n\t\t\t<div class=\"elementor-widget-wrap elementor-element-populated\">\n\t\t\t\t\t\t<div class=\"elementor-element elementor-element-40d6039 elementor-widget elementor-widget-heading\" data-id=\"40d6039\" data-element_type=\"widget\" data-e-type=\"widget\" data-widget_type=\"heading.default\">\n\t\t\t\t<div class=\"elementor-widget-container\">\n\t\t\t\t\t<p class=\"elementor-heading-title elementor-size-xxl\">Best Ski Resort 2023<\/p>\t\t\t\t<\/div>\n\t\t\t\t<\/div>\n\t\t\t\t\t<\/div>\n\t\t<\/div>\n\t\t\t\t\t<\/div>\n\t\t<\/section>\n\t\t\t\t<section class=\"elementor-section elementor-top-section elementor-element elementor-element-b7f31d2 elementor-section-boxed elementor-section-height-default elementor-section-height-default\" data-id=\"b7f31d2\" data-element_type=\"section\" data-e-type=\"section\" data-settings=\"{&quot;background_background&quot;:&quot;classic&quot;}\">\n\t\t\t\t\t\t<div class=\"elementor-container elementor-column-gap-default\">\n\t\t\t\t\t<div class=\"elementor-column elementor-col-100 elementor-top-column elementor-element elementor-element-429c518\" data-id=\"429c518\" data-element_type=\"column\" data-e-type=\"column\">\n\t\t\t<div class=\"elementor-widget-wrap elementor-element-populated\">\n\t\t\t\t\t\t<div class=\"elementor-element elementor-element-416aa8a elementor-widget elementor-widget-counter\" data-id=\"416aa8a\" data-element_type=\"widget\" data-e-type=\"widget\" data-widget_type=\"counter.default\">\n\t\t\t\t<div class=\"elementor-widget-container\">\n\t\t\t\t\t\t\t<div class=\"elementor-counter\">\n\t\t\t<div class=\"elementor-counter-title\">skieurs interrog\u00e9s durant l'hiver 2022\/23.<\/div>\t\t\t<div class=\"elementor-counter-number-wrapper\">\n\t\t\t\t<span class=\"elementor-counter-number-prefix\"><\/span>\n\t\t\t\t<span class=\"elementor-counter-number\" data-duration=\"1000\" data-to-value=\"49200\" data-from-value=\"0\" data-delimiter=\".\">0<\/span>\n\t\t\t\t<span class=\"elementor-counter-number-suffix\"><\/span>\n\t\t\t<\/div>\n\t\t<\/div>\n\t\t\t\t\t\t<\/div>\n\t\t\t\t<\/div>\n\t\t\t\t<div class=\"elementor-element elementor-element-ced4aef elementor-widget elementor-widget-spacer\" data-id=\"ced4aef\" data-element_type=\"widget\" data-e-type=\"widget\" data-widget_type=\"spacer.default\">\n\t\t\t\t<div class=\"elementor-widget-container\">\n\t\t\t\t\t\t\t<div class=\"elementor-spacer\">\n\t\t\t<div class=\"elementor-spacer-inner\"><\/div>\n\t\t<\/div>\n\t\t\t\t\t\t<\/div>\n\t\t\t\t<\/div>\n\t\t\t\t<div class=\"elementor-element elementor-element-091400c elementor-widget elementor-widget-text-editor\" data-id=\"091400c\" data-element_type=\"widget\" data-e-type=\"widget\" data-widget_type=\"text-editor.default\">\n\t\t\t\t<div class=\"elementor-widget-container\">\n\t\t\t\t\t\t\t\t\t<p>Pour la 6\u00e8me fois apr\u00e8s 2012, 2014, 2016, 2018 et 2020 l&rsquo;\u00e9tude de client\u00e8le la plus significative dans les Alpes a \u00e9t\u00e9 r\u00e9alis\u00e9e durant l&rsquo;hiver 22\/23.<\/p>\t\t\t\t\t\t\t\t<\/div>\n\t\t\t\t<\/div>\n\t\t\t\t<div class=\"elementor-element elementor-element-52ad598 elementor-widget elementor-widget-text-editor\" data-id=\"52ad598\" data-element_type=\"widget\" data-e-type=\"widget\" data-widget_type=\"text-editor.default\">\n\t\t\t\t<div class=\"elementor-widget-container\">\n\t\t\t\t\t\t\t\t\t<p>Avec pr\u00e8s de 50.000 skieurs et snowboarders interrog\u00e9s directement dans les stations de ski, \u00ab\u00a0Best Ski Resort\u00a0\u00bb constitue aujourd&rsquo;hui l&rsquo;une des plus importantes aides \u00e0 la d\u00e9cision pour la strat\u00e9gie et le positionnement des destinations. Les donn\u00e9es r\u00e9colt\u00e9es sur plusieurs ann\u00e9es fournissent des enseignements strat\u00e9giques permettant d&rsquo;orienter les strat\u00e9gies des stations : celles-ci peuvent ainsi am\u00e9liorer de mani\u00e8re proactive la qualit\u00e9 de leurs produits, favoriser le d\u00e9veloppement et l&rsquo;innovation au sein de leur offre.<\/p>\t\t\t\t\t\t\t\t<\/div>\n\t\t\t\t<\/div>\n\t\t\t\t\t<\/div>\n\t\t<\/div>\n\t\t\t\t\t<\/div>\n\t\t<\/section>\n\t\t\t\t<section class=\"elementor-section elementor-top-section elementor-element elementor-element-695834c elementor-section-boxed elementor-section-height-default elementor-section-height-default\" data-id=\"695834c\" data-element_type=\"section\" data-e-type=\"section\" data-settings=\"{&quot;background_background&quot;:&quot;classic&quot;}\">\n\t\t\t\t\t\t<div class=\"elementor-container elementor-column-gap-default\">\n\t\t\t\t\t<div class=\"elementor-column elementor-col-100 elementor-top-column elementor-element elementor-element-0afb31d\" data-id=\"0afb31d\" data-element_type=\"column\" data-e-type=\"column\">\n\t\t\t<div class=\"elementor-widget-wrap elementor-element-populated\">\n\t\t\t\t\t\t<div class=\"elementor-element elementor-element-4fcfbe6 elementor-widget elementor-widget-text-editor\" data-id=\"4fcfbe6\" data-element_type=\"widget\" data-e-type=\"widget\" data-widget_type=\"text-editor.default\">\n\t\t\t\t<div class=\"elementor-widget-container\">\n\t\t\t\t\t\t\t\t\t<p><a style=\"color: #e0e0e0;\" href=\"http:\/\/best-skiresorts.com\/\">Deutsch<\/a> | <a style=\"color: #e0e0e0;\" href=\"http:\/\/best-skiresorts.com\/fr\/\">Fran\u00e7ais<\/a> | <a style=\"color: #e0e0e0;\" href=\"http:\/\/best-skiresorts.com\/en\/\">English<\/a><\/p>\t\t\t\t\t\t\t\t<\/div>\n\t\t\t\t<\/div>\n\t\t\t\t\t<\/div>\n\t\t<\/div>\n\t\t\t\t\t<\/div>\n\t\t<\/section>\n\t\t\t\t<\/div>\n\t\t","protected":false},"excerpt":{"rendered":"<p>Les stations \u00e9valu\u00e9es par leurs clients Pr\u00e9sentation et remise des prix de l&rsquo;\u00e9tude Best Ski Resort 2026 La pr\u00e9sentation et la remise des prix de cette ann\u00e9e auront lieu le 24 juin 2026 au MCI III (Villa Blanka) \u00e0 Innsbruck ! Apprenez-en plus ici ! Lancement de la nouvelle \u00e9tude \u00ab&nbsp;Best Ski Resort 2026&nbsp;\u00bb Cet [&hellip;]<\/p>\n","protected":false},"author":1,"featured_media":0,"parent":0,"menu_order":0,"comment_status":"closed","ping_status":"closed","template":"","meta":{"_acf_changed":false,"site-sidebar-layout":"no-sidebar","site-content-layout":"page-builder","ast-site-content-layout":"full-width-container","site-content-style":"unboxed","site-sidebar-style":"unboxed","ast-global-header-display":"","ast-banner-title-visibility":"","ast-main-header-display":"","ast-hfb-above-header-display":"","ast-hfb-below-header-display":"","ast-hfb-mobile-header-display":"","site-post-title":"disabled","ast-breadcrumbs-content":"","ast-featured-img":"disabled","footer-sml-layout":"","ast-disable-related-posts":"","theme-transparent-header-meta":"","adv-header-id-meta":"","stick-header-meta":"","header-above-stick-meta":"","header-main-stick-meta":"","header-below-stick-meta":"","astra-migrate-meta-layouts":"set","ast-page-background-enabled":"default","ast-page-background-meta":{"desktop":{"background-color":"","background-image":"","background-repeat":"repeat","background-position":"center center","background-size":"auto","background-attachment":"scroll","background-type":"","background-media":"","overlay-type":"","overlay-color":"","overlay-opacity":"","overlay-gradient":""},"tablet":{"background-color":"","background-image":"","background-repeat":"repeat","background-position":"center center","background-size":"auto","background-attachment":"scroll","background-type":"","background-media":"","overlay-type":"","overlay-color":"","overlay-opacity":"","overlay-gradient":""},"mobile":{"background-color":"","background-image":"","background-repeat":"repeat","background-position":"center center","background-size":"auto","background-attachment":"scroll","background-type":"","background-media":"","overlay-type":"","overlay-color":"","overlay-opacity":"","overlay-gradient":""}},"ast-content-background-meta":{"desktop":{"background-color":"var(--ast-global-color-5)","background-image":"","background-repeat":"repeat","background-position":"center center","background-size":"auto","background-attachment":"scroll","background-type":"","background-media":"","overlay-type":"","overlay-color":"","overlay-opacity":"","overlay-gradient":""},"tablet":{"background-color":"var(--ast-global-color-5)","background-image":"","background-repeat":"repeat","background-position":"center center","background-size":"auto","background-attachment":"scroll","background-type":"","background-media":"","overlay-type":"","overlay-color":"","overlay-opacity":"","overlay-gradient":""},"mobile":{"background-color":"var(--ast-global-color-5)","background-image":"","background-repeat":"repeat","background-position":"center center","background-size":"auto","background-attachment":"scroll","background-type":"","background-media":"","overlay-type":"","overlay-color":"","overlay-opacity":"","overlay-gradient":""}},"footnotes":""},"class_list":["post-390","page","type-page","status-publish","hentry"],"yoast_head":"<!-- This site is optimized with the Yoast SEO plugin v27.5 - https:\/\/yoast.com\/product\/yoast-seo-wordpress\/ -->\n<title>Best Ski Resorts FR<\/title>\n<meta name=\"description\" content=\"La plus grande \u00e9tude sur le comportement et la satisfaction client men\u00e9e dans les stations de ski europ\u00e9ennes.\" \/>\n<meta name=\"robots\" content=\"index, follow, max-snippet:-1, max-image-preview:large, max-video-preview:-1\" \/>\n<link rel=\"canonical\" href=\"https:\/\/best-skiresorts.com\/fr\/\" \/>\n<meta name=\"twitter:label1\" content=\"Dur\u00e9e de lecture estim\u00e9e\" \/>\n\t<meta name=\"twitter:data1\" content=\"2 minutes\" \/>\n<script type=\"application\/ld+json\" class=\"yoast-schema-graph\">{\"@context\":\"https:\\\/\\\/schema.org\",\"@graph\":[{\"@type\":\"WebPage\",\"@id\":\"https:\\\/\\\/best-skiresorts.com\\\/fr\\\/\",\"url\":\"https:\\\/\\\/best-skiresorts.com\\\/fr\\\/\",\"name\":\"Best Ski Resorts FR\",\"isPartOf\":{\"@id\":\"https:\\\/\\\/best-skiresorts.com\\\/fr\\\/#website\"},\"datePublished\":\"2018-11-03T20:02:08+00:00\",\"dateModified\":\"2026-03-24T14:04:25+00:00\",\"description\":\"La plus grande \u00e9tude sur le comportement et la satisfaction client men\u00e9e dans les stations de ski europ\u00e9ennes.\",\"inLanguage\":\"fr-FR\",\"potentialAction\":[{\"@type\":\"ReadAction\",\"target\":[\"https:\\\/\\\/best-skiresorts.com\\\/fr\\\/\"]}]},{\"@type\":\"WebSite\",\"@id\":\"https:\\\/\\\/best-skiresorts.com\\\/fr\\\/#website\",\"url\":\"https:\\\/\\\/best-skiresorts.com\\\/fr\\\/\",\"name\":\"Best Ski Resorts FR\",\"description\":\"Meilleurs domaines skiables dans les Alpes\",\"publisher\":{\"@id\":\"https:\\\/\\\/best-skiresorts.com\\\/fr\\\/#organization\"},\"potentialAction\":[{\"@type\":\"SearchAction\",\"target\":{\"@type\":\"EntryPoint\",\"urlTemplate\":\"https:\\\/\\\/best-skiresorts.com\\\/fr\\\/?s={search_term_string}\"},\"query-input\":{\"@type\":\"PropertyValueSpecification\",\"valueRequired\":true,\"valueName\":\"search_term_string\"}}],\"inLanguage\":\"fr-FR\"},{\"@type\":\"Organization\",\"@id\":\"https:\\\/\\\/best-skiresorts.com\\\/fr\\\/#organization\",\"name\":\"Best Ski Resorts FR\",\"url\":\"https:\\\/\\\/best-skiresorts.com\\\/fr\\\/\",\"logo\":{\"@type\":\"ImageObject\",\"inLanguage\":\"fr-FR\",\"@id\":\"https:\\\/\\\/best-skiresorts.com\\\/fr\\\/#\\\/schema\\\/logo\\\/image\\\/\",\"url\":\"https:\\\/\\\/best-skiresorts.com\\\/fr\\\/files\\\/2018\\\/11\\\/Logo-Best-Ski-Resort-147x60.jpg\",\"contentUrl\":\"https:\\\/\\\/best-skiresorts.com\\\/fr\\\/files\\\/2018\\\/11\\\/Logo-Best-Ski-Resort-147x60.jpg\",\"width\":147,\"height\":60,\"caption\":\"Best Ski Resorts FR\"},\"image\":{\"@id\":\"https:\\\/\\\/best-skiresorts.com\\\/fr\\\/#\\\/schema\\\/logo\\\/image\\\/\"}}]}<\/script>\n<!-- \/ Yoast SEO plugin. -->","yoast_head_json":{"title":"Best Ski Resorts FR","description":"La plus grande \u00e9tude sur le comportement et la satisfaction client men\u00e9e dans les stations de ski europ\u00e9ennes.","robots":{"index":"index","follow":"follow","max-snippet":"max-snippet:-1","max-image-preview":"max-image-preview:large","max-video-preview":"max-video-preview:-1"},"canonical":"https:\/\/best-skiresorts.com\/fr\/","twitter_misc":{"Dur\u00e9e de lecture estim\u00e9e":"2 minutes"},"schema":{"@context":"https:\/\/schema.org","@graph":[{"@type":"WebPage","@id":"https:\/\/best-skiresorts.com\/fr\/","url":"https:\/\/best-skiresorts.com\/fr\/","name":"Best Ski Resorts FR","isPartOf":{"@id":"https:\/\/best-skiresorts.com\/fr\/#website"},"datePublished":"2018-11-03T20:02:08+00:00","dateModified":"2026-03-24T14:04:25+00:00","description":"La plus grande \u00e9tude sur le comportement et la satisfaction client men\u00e9e dans les stations de ski europ\u00e9ennes.","inLanguage":"fr-FR","potentialAction":[{"@type":"ReadAction","target":["https:\/\/best-skiresorts.com\/fr\/"]}]},{"@type":"WebSite","@id":"https:\/\/best-skiresorts.com\/fr\/#website","url":"https:\/\/best-skiresorts.com\/fr\/","name":"Best Ski Resorts FR","description":"Meilleurs domaines skiables dans les Alpes","publisher":{"@id":"https:\/\/best-skiresorts.com\/fr\/#organization"},"potentialAction":[{"@type":"SearchAction","target":{"@type":"EntryPoint","urlTemplate":"https:\/\/best-skiresorts.com\/fr\/?s={search_term_string}"},"query-input":{"@type":"PropertyValueSpecification","valueRequired":true,"valueName":"search_term_string"}}],"inLanguage":"fr-FR"},{"@type":"Organization","@id":"https:\/\/best-skiresorts.com\/fr\/#organization","name":"Best Ski Resorts FR","url":"https:\/\/best-skiresorts.com\/fr\/","logo":{"@type":"ImageObject","inLanguage":"fr-FR","@id":"https:\/\/best-skiresorts.com\/fr\/#\/schema\/logo\/image\/","url":"https:\/\/best-skiresorts.com\/fr\/files\/2018\/11\/Logo-Best-Ski-Resort-147x60.jpg","contentUrl":"https:\/\/best-skiresorts.com\/fr\/files\/2018\/11\/Logo-Best-Ski-Resort-147x60.jpg","width":147,"height":60,"caption":"Best Ski Resorts FR"},"image":{"@id":"https:\/\/best-skiresorts.com\/fr\/#\/schema\/logo\/image\/"}}]}},"acf":[],"_links":{"self":[{"href":"https:\/\/best-skiresorts.com\/fr\/wp-json\/wp\/v2\/pages\/390","targetHints":{"allow":["GET"]}}],"collection":[{"href":"https:\/\/best-skiresorts.com\/fr\/wp-json\/wp\/v2\/pages"}],"about":[{"href":"https:\/\/best-skiresorts.com\/fr\/wp-json\/wp\/v2\/types\/page"}],"author":[{"embeddable":true,"href":"https:\/\/best-skiresorts.com\/fr\/wp-json\/wp\/v2\/users\/1"}],"replies":[{"embeddable":true,"href":"https:\/\/best-skiresorts.com\/fr\/wp-json\/wp\/v2\/comments?post=390"}],"version-history":[{"count":57,"href":"https:\/\/best-skiresorts.com\/fr\/wp-json\/wp\/v2\/pages\/390\/revisions"}],"predecessor-version":[{"id":614,"href":"https:\/\/best-skiresorts.com\/fr\/wp-json\/wp\/v2\/pages\/390\/revisions\/614"}],"wp:attachment":[{"href":"https:\/\/best-skiresorts.com\/fr\/wp-json\/wp\/v2\/media?parent=390"}],"curies":[{"name":"wp","href":"https:\/\/api.w.org\/{rel}","templated":true}]}}