{"id":86,"date":"2013-01-25T12:08:05","date_gmt":"2013-01-25T11:08:05","guid":{"rendered":"http:\/\/best-skiresorts.com\/fr\/?page_id=86"},"modified":"2018-11-07T19:01:17","modified_gmt":"2018-11-07T18:01:17","slug":"mountain-management-france","status":"publish","type":"page","link":"https:\/\/best-skiresorts.com\/fr\/mountain-management-france\/","title":{"rendered":"Mountain Management France"},"content":{"rendered":"<h1>Assurer un suivi continu de la qualit\u00e9 et de l\u2019attractivit\u00e9 de votre station<\/h1>\n<p>Mountain Management France\u00a0s&rsquo;appuie sur une\u00a0exp\u00e9rience de plus de\u00a020 ans d\u2019\u00e9tudes en stations de ski, d\u2019un r\u00e9seau de co working compos\u00e9 par les meilleures stations de ski d\u2019Europe et du partenariat avec l\u2019universit\u00e9 d\u2019Innsbruck permettant d\u2019anticiper les \u00e9volutions du march\u00e9 mondial du ski.<\/p>\n<p>Dans un march\u00e9 en perte de vitesse, le \u00ab\u00a0co-working\u00a0\u00bb, le positionnement de chaque station et la connaissance de sa client\u00e8le et de celle de ses concurrentes sont indispensables. L&rsquo;objectif de Mountain Management est claire: <strong>une aide au positionnement de chaque station sur le march\u00e9 du ski.<\/strong><\/p>\n<p>Mountain Management France propose des services aux stations de ski en France. Cela a commenc\u00e9 avec \u00ab\u00a0Best Ski Resort 2012\u00a0\u00bb, une premi\u00e8re et grande \u00e9tude vraiment significative \u00e0 l\u2019\u00e9chelle des 5 pays : France, Suisse, Autriche, Allemagne et Italie.<\/p>\n<p>&nbsp;<\/p>\n<p>ETUDE BEST SKI RESORT<\/p>\n<p>\u00ab\u00a0Best Ski Resort 2014\u00a0\u00bb \u00a0pr\u00e9sent\u00e9e le 6 novembre 2014 \u00e0 Zurich, s&rsquo;est enrichie de l&rsquo;apport de nouvelles stations qui ont particip\u00e9 \u00e0 l&rsquo;\u00e9tude. 48 000 skieurs et snowboardeurs sond\u00e9s dans les meilleures stations des Alpes ont particip\u00e9 \u00e0 notre enqu\u00eate de satisfaction nous permettant de r\u00e9compenser les stations les plus performantes!<\/p>\n<p>&nbsp;<\/p>\n<p>MOUNTAIN QUALITY CHECK<\/p>\n<p>En vue de d\u00e9velopper la r\u00e9activit\u00e9 des stations, Mountain Management propose un outil compl\u00e9mentaire, le Mountain Quality Check et le Tourism Quality Check- syst\u00e8me d&rsquo;enqu\u00eates de satisfaction en continu. La station dispose chaque semaine de ses r\u00e9sultats d&rsquo;analyse de satisfaction client\u00e8le et de son positionnement par rapport \u00e0 ses concurrentes.<\/p>\n<p>&nbsp;<\/p>\n<p>MOUNTAIN DEVELOPER<\/p>\n<p>Le Moutain- Developer permet aux clients de participer au d\u00e9veloppement de la station:<\/p>\n<p>image v\u00e9hicul\u00e9e par la station, id\u00e9es, pistes de r\u00e9flexion&#8230;<\/p>\n<p>Les clients veulent s&rsquo;impliquer!<\/p>\n<p>&nbsp;<\/p>\n<p>Bien s\u00fbr Mountain Management France d\u00e9veloppe des solutions personnalis\u00e9es avec la variante MQC- CUSTOMIZED qui s&rsquo;adaptera \u00e0 vos demandes d&rsquo;une solution standard jusqu&rsquo;\u00e0 un syst\u00e8me compl\u00e8tement nouveau.<\/p>\n<p>Enfin Mountain Management d\u00e9veloppe ses propres \u00e9tudes par le biais d&rsquo;enqu\u00eates dans plusieurs pays pour collecter des informations de base, notamment sur la notori\u00e9t\u00e9 des marques.<\/p>\n<p align=\"JUSTIFY\"><span style=\"color: #333333;\"><span style=\"font-family: Times New Roman, serif;\"><span style=\"font-size: medium;\">\u00a0<\/span><\/span><\/span><\/p>\n<p><strong>Moutain Management International<br \/>\n<\/strong><\/p>\n<p>L\u2019entreprise Mountain-Management Consulting est sp\u00e9cialis\u00e9e dans la consultation marketing des chemins de fer de montagne, des organisations touristiques et des autres prestataires de montagne. Plusieurs \u00e9coles de ski, soci\u00e9t\u00e9s de location et de services, entreprises gastronomiques, \u2026etc comptent \u00e9galement parmi ses clients.<\/p>\n<p>Ses travaux sont bas\u00e9s sur un syst\u00e8me d\u2019\u00e9tude de client\u00e8le mis au point par l\u2019entreprise elle-m\u00eame: le \u00abMountain-Quality-Check\u00bb contr\u00f4le en permanence la satisfaction des visiteurs. Ce syst\u00e8me a \u00e9t\u00e9 compl\u00e9t\u00e9 en 2003 par un syst\u00e8me en ligne, le \u00abTourism-Quality-Check\u00bb, plac\u00e9 sur le site Internet des sites touristiques concern\u00e9s. \u00c0 ce jour, plus de 130 destinations en Autriche, en Suisse, en Allemagne et en Italie sont desservies par ces syst\u00e8mes (Ischgl, St. Moritz, Laax, Lech\/ Z\u00fcrs, Gstaad, Dolomiti-Superski, Arosa, Jungfrau, Lenzerheide, Kitzb\u00fchel, Saalbach-Hinterglemm, Gastein, Garmisch\/ Zugspitze, Sulden, Schruns, S\u00f6lden, Flachau, Zell am See, Serfaus\/ Fiss\/ Ladis, Ski-Amade, Oberstdorf\/ Kl. Walsertal, St. Anton, Scuol, Schladming, Obertauern, Montafon, Meiringen-Hasliberg,\u2026)<\/p>\n<p>En plus, Mountain Management propose des plannings marketing strat\u00e9giques, des concepts CI\/ CD, des mesures de coordination dans le secteur marketing et des groupements de domaines skiables. Elle fournit \u00e9galement en coop\u00e9ration avec MM Communication une mise en \u0153uvre globale de la communication (par exemple pour Serfaus\/ Fiss\/ Ladis, Engadin-St. Moritz, Montafon, Garmisch\/ Zugspitze, Sextner Dolomiten, \u2026). La marque Doppelmayr fait \u00e9galement partie de ses clients.<\/p>\n<p>En outre, depuis 1977, Mountain Management organise tous les 2 ans un symposium ouvert \u00e0 tout le secteur t\u00e9l\u00e9ph\u00e9rique. Son objectif: \u00eatre g\u00e9n\u00e9rateur d\u2019impulsion pour de nouvelles id\u00e9es et de nouveaux produits en montagne, pr\u00e9senter des exemples inspir\u00e9s de la pratique et apprendre par l\u2019observation des meilleurs. Elle est ainsi une plate-forme pour les experts et les visionnaires.<\/p>\n","protected":false},"excerpt":{"rendered":"<p>Assurer un suivi continu de la qualit\u00e9 et de l\u2019attractivit\u00e9 de votre station Mountain Management France\u00a0s&rsquo;appuie sur une\u00a0exp\u00e9rience de plus de\u00a020 ans d\u2019\u00e9tudes en stations de ski, d\u2019un r\u00e9seau de co working compos\u00e9 par les meilleures stations de ski d\u2019Europe et du partenariat avec l\u2019universit\u00e9 d\u2019Innsbruck permettant d\u2019anticiper les \u00e9volutions du march\u00e9 mondial du ski. [&hellip;]<\/p>\n","protected":false},"author":1,"featured_media":433,"parent":0,"menu_order":0,"comment_status":"closed","ping_status":"open","template":"","meta":{"_acf_changed":false,"site-sidebar-layout":"default","site-content-layout":"default","ast-site-content-layout":"default","site-content-style":"default","site-sidebar-style":"default","ast-global-header-display":"","ast-banner-title-visibility":"","ast-main-header-display":"","ast-hfb-above-header-display":"","ast-hfb-below-header-display":"","ast-hfb-mobile-header-display":"","site-post-title":"","ast-breadcrumbs-content":"","ast-featured-img":"","footer-sml-layout":"","ast-disable-related-posts":"","theme-transparent-header-meta":"","adv-header-id-meta":"","stick-header-meta":"","header-above-stick-meta":"","header-main-stick-meta":"","header-below-stick-meta":"","astra-migrate-meta-layouts":"default","ast-page-background-enabled":"default","ast-page-background-meta":{"desktop":{"background-color":"","background-image":"","background-repeat":"repeat","background-position":"center center","background-size":"auto","background-attachment":"scroll","background-type":"","background-media":"","overlay-type":"","overlay-color":"","overlay-opacity":"","overlay-gradient":""},"tablet":{"background-color":"","background-image":"","background-repeat":"repeat","background-position":"center center","background-size":"auto","background-attachment":"scroll","background-type":"","background-media":"","overlay-type":"","overlay-color":"","overlay-opacity":"","overlay-gradient":""},"mobile":{"background-color":"","background-image":"","background-repeat":"repeat","background-position":"center center","background-size":"auto","background-attachment":"scroll","background-type":"","background-media":"","overlay-type":"","overlay-color":"","overlay-opacity":"","overlay-gradient":""}},"ast-content-background-meta":{"desktop":{"background-color":"var(--ast-global-color-5)","background-image":"","background-repeat":"repeat","background-position":"center center","background-size":"auto","background-attachment":"scroll","background-type":"","background-media":"","overlay-type":"","overlay-color":"","overlay-opacity":"","overlay-gradient":""},"tablet":{"background-color":"var(--ast-global-color-5)","background-image":"","background-repeat":"repeat","background-position":"center center","background-size":"auto","background-attachment":"scroll","background-type":"","background-media":"","overlay-type":"","overlay-color":"","overlay-opacity":"","overlay-gradient":""},"mobile":{"background-color":"var(--ast-global-color-5)","background-image":"","background-repeat":"repeat","background-position":"center center","background-size":"auto","background-attachment":"scroll","background-type":"","background-media":"","overlay-type":"","overlay-color":"","overlay-opacity":"","overlay-gradient":""}},"footnotes":""},"class_list":["post-86","page","type-page","status-publish","has-post-thumbnail","hentry"],"yoast_head":"<!-- This site is optimized with the Yoast SEO plugin v27.6 - https:\/\/yoast.com\/product\/yoast-seo-wordpress\/ -->\n<title>Mountain Management France - Best Ski Resorts FR<\/title>\n<meta name=\"robots\" content=\"index, follow, max-snippet:-1, max-image-preview:large, max-video-preview:-1\" \/>\n<link rel=\"canonical\" href=\"https:\/\/best-skiresorts.com\/fr\/mountain-management-france\/\" \/>\n<meta name=\"twitter:label1\" content=\"Dur\u00e9e de lecture estim\u00e9e\" \/>\n\t<meta name=\"twitter:data1\" content=\"3 minutes\" \/>\n<script type=\"application\/ld+json\" class=\"yoast-schema-graph\">{\"@context\":\"https:\\\/\\\/schema.org\",\"@graph\":[{\"@type\":\"WebPage\",\"@id\":\"https:\\\/\\\/best-skiresorts.com\\\/fr\\\/mountain-management-france\\\/\",\"url\":\"https:\\\/\\\/best-skiresorts.com\\\/fr\\\/mountain-management-france\\\/\",\"name\":\"Mountain Management France - Best Ski Resorts FR\",\"isPartOf\":{\"@id\":\"https:\\\/\\\/best-skiresorts.com\\\/fr\\\/#website\"},\"primaryImageOfPage\":{\"@id\":\"https:\\\/\\\/best-skiresorts.com\\\/fr\\\/mountain-management-france\\\/#primaryimage\"},\"image\":{\"@id\":\"https:\\\/\\\/best-skiresorts.com\\\/fr\\\/mountain-management-france\\\/#primaryimage\"},\"thumbnailUrl\":\"https:\\\/\\\/best-skiresorts.com\\\/fr\\\/files\\\/2018\\\/11\\\/Best-Ski-Resort-Report-3d-1a-800x533.jpg\",\"datePublished\":\"2013-01-25T11:08:05+00:00\",\"dateModified\":\"2018-11-07T18:01:17+00:00\",\"inLanguage\":\"fr-FR\",\"potentialAction\":[{\"@type\":\"ReadAction\",\"target\":[\"https:\\\/\\\/best-skiresorts.com\\\/fr\\\/mountain-management-france\\\/\"]}]},{\"@type\":\"ImageObject\",\"inLanguage\":\"fr-FR\",\"@id\":\"https:\\\/\\\/best-skiresorts.com\\\/fr\\\/mountain-management-france\\\/#primaryimage\",\"url\":\"https:\\\/\\\/best-skiresorts.com\\\/fr\\\/files\\\/2018\\\/11\\\/Best-Ski-Resort-Report-3d-1a-800x533.jpg\",\"contentUrl\":\"https:\\\/\\\/best-skiresorts.com\\\/fr\\\/files\\\/2018\\\/11\\\/Best-Ski-Resort-Report-3d-1a-800x533.jpg\",\"width\":800,\"height\":533},{\"@type\":\"WebSite\",\"@id\":\"https:\\\/\\\/best-skiresorts.com\\\/fr\\\/#website\",\"url\":\"https:\\\/\\\/best-skiresorts.com\\\/fr\\\/\",\"name\":\"Best Ski Resorts FR\",\"description\":\"Meilleurs domaines skiables dans les Alpes\",\"publisher\":{\"@id\":\"https:\\\/\\\/best-skiresorts.com\\\/fr\\\/#organization\"},\"potentialAction\":[{\"@type\":\"SearchAction\",\"target\":{\"@type\":\"EntryPoint\",\"urlTemplate\":\"https:\\\/\\\/best-skiresorts.com\\\/fr\\\/?s={search_term_string}\"},\"query-input\":{\"@type\":\"PropertyValueSpecification\",\"valueRequired\":true,\"valueName\":\"search_term_string\"}}],\"inLanguage\":\"fr-FR\"},{\"@type\":\"Organization\",\"@id\":\"https:\\\/\\\/best-skiresorts.com\\\/fr\\\/#organization\",\"name\":\"Best Ski Resorts FR\",\"url\":\"https:\\\/\\\/best-skiresorts.com\\\/fr\\\/\",\"logo\":{\"@type\":\"ImageObject\",\"inLanguage\":\"fr-FR\",\"@id\":\"https:\\\/\\\/best-skiresorts.com\\\/fr\\\/#\\\/schema\\\/logo\\\/image\\\/\",\"url\":\"https:\\\/\\\/best-skiresorts.com\\\/fr\\\/files\\\/2018\\\/11\\\/Logo-Best-Ski-Resort-147x60.jpg\",\"contentUrl\":\"https:\\\/\\\/best-skiresorts.com\\\/fr\\\/files\\\/2018\\\/11\\\/Logo-Best-Ski-Resort-147x60.jpg\",\"width\":147,\"height\":60,\"caption\":\"Best Ski Resorts FR\"},\"image\":{\"@id\":\"https:\\\/\\\/best-skiresorts.com\\\/fr\\\/#\\\/schema\\\/logo\\\/image\\\/\"}}]}<\/script>\n<!-- \/ Yoast SEO plugin. -->","yoast_head_json":{"title":"Mountain Management France - Best Ski Resorts FR","robots":{"index":"index","follow":"follow","max-snippet":"max-snippet:-1","max-image-preview":"max-image-preview:large","max-video-preview":"max-video-preview:-1"},"canonical":"https:\/\/best-skiresorts.com\/fr\/mountain-management-france\/","twitter_misc":{"Dur\u00e9e de lecture estim\u00e9e":"3 minutes"},"schema":{"@context":"https:\/\/schema.org","@graph":[{"@type":"WebPage","@id":"https:\/\/best-skiresorts.com\/fr\/mountain-management-france\/","url":"https:\/\/best-skiresorts.com\/fr\/mountain-management-france\/","name":"Mountain Management France - Best Ski Resorts FR","isPartOf":{"@id":"https:\/\/best-skiresorts.com\/fr\/#website"},"primaryImageOfPage":{"@id":"https:\/\/best-skiresorts.com\/fr\/mountain-management-france\/#primaryimage"},"image":{"@id":"https:\/\/best-skiresorts.com\/fr\/mountain-management-france\/#primaryimage"},"thumbnailUrl":"https:\/\/best-skiresorts.com\/fr\/files\/2018\/11\/Best-Ski-Resort-Report-3d-1a-800x533.jpg","datePublished":"2013-01-25T11:08:05+00:00","dateModified":"2018-11-07T18:01:17+00:00","inLanguage":"fr-FR","potentialAction":[{"@type":"ReadAction","target":["https:\/\/best-skiresorts.com\/fr\/mountain-management-france\/"]}]},{"@type":"ImageObject","inLanguage":"fr-FR","@id":"https:\/\/best-skiresorts.com\/fr\/mountain-management-france\/#primaryimage","url":"https:\/\/best-skiresorts.com\/fr\/files\/2018\/11\/Best-Ski-Resort-Report-3d-1a-800x533.jpg","contentUrl":"https:\/\/best-skiresorts.com\/fr\/files\/2018\/11\/Best-Ski-Resort-Report-3d-1a-800x533.jpg","width":800,"height":533},{"@type":"WebSite","@id":"https:\/\/best-skiresorts.com\/fr\/#website","url":"https:\/\/best-skiresorts.com\/fr\/","name":"Best Ski Resorts FR","description":"Meilleurs domaines skiables dans les Alpes","publisher":{"@id":"https:\/\/best-skiresorts.com\/fr\/#organization"},"potentialAction":[{"@type":"SearchAction","target":{"@type":"EntryPoint","urlTemplate":"https:\/\/best-skiresorts.com\/fr\/?s={search_term_string}"},"query-input":{"@type":"PropertyValueSpecification","valueRequired":true,"valueName":"search_term_string"}}],"inLanguage":"fr-FR"},{"@type":"Organization","@id":"https:\/\/best-skiresorts.com\/fr\/#organization","name":"Best Ski Resorts FR","url":"https:\/\/best-skiresorts.com\/fr\/","logo":{"@type":"ImageObject","inLanguage":"fr-FR","@id":"https:\/\/best-skiresorts.com\/fr\/#\/schema\/logo\/image\/","url":"https:\/\/best-skiresorts.com\/fr\/files\/2018\/11\/Logo-Best-Ski-Resort-147x60.jpg","contentUrl":"https:\/\/best-skiresorts.com\/fr\/files\/2018\/11\/Logo-Best-Ski-Resort-147x60.jpg","width":147,"height":60,"caption":"Best Ski Resorts FR"},"image":{"@id":"https:\/\/best-skiresorts.com\/fr\/#\/schema\/logo\/image\/"}}]}},"acf":[],"_links":{"self":[{"href":"https:\/\/best-skiresorts.com\/fr\/wp-json\/wp\/v2\/pages\/86","targetHints":{"allow":["GET"]}}],"collection":[{"href":"https:\/\/best-skiresorts.com\/fr\/wp-json\/wp\/v2\/pages"}],"about":[{"href":"https:\/\/best-skiresorts.com\/fr\/wp-json\/wp\/v2\/types\/page"}],"author":[{"embeddable":true,"href":"https:\/\/best-skiresorts.com\/fr\/wp-json\/wp\/v2\/users\/1"}],"replies":[{"embeddable":true,"href":"https:\/\/best-skiresorts.com\/fr\/wp-json\/wp\/v2\/comments?post=86"}],"version-history":[{"count":0,"href":"https:\/\/best-skiresorts.com\/fr\/wp-json\/wp\/v2\/pages\/86\/revisions"}],"wp:featuredmedia":[{"embeddable":true,"href":"https:\/\/best-skiresorts.com\/fr\/wp-json\/wp\/v2\/media\/433"}],"wp:attachment":[{"href":"https:\/\/best-skiresorts.com\/fr\/wp-json\/wp\/v2\/media?parent=86"}],"curies":[{"name":"wp","href":"https:\/\/api.w.org\/{rel}","templated":true}]}}